{"id":1263,"date":"2018-07-05T08:30:54","date_gmt":"2018-07-05T08:30:54","guid":{"rendered":"http:\/\/academist.elated-themes.com\/?page_id=1263"},"modified":"2021-08-27T16:18:13","modified_gmt":"2021-08-27T13:18:13","slug":"our-team","status":"publish","type":"page","link":"https:\/\/defactobusinessacademy.net\/portal\/en\/our-team\/","title":{"rendered":"Our Team"},"content":{"rendered":"<div class=\"members-access-error\">[vc_row][vc_column][vc_column_text]<\/p>\n<h4>Sayfaya eri\u015fim sa\u011flamak i\u00e7in kullan\u0131c\u0131 giri\u015fi yap\u0131n\u0131z.<\/h4>\n<h4><a style=\"color: #444a88\" href=\"https:\/\/defactobusinessacademy.com\/portal\/wp-login.php?redirect_to=httpsdefactobusinessacademy.comportalwp-admin&amp;reauth=1\" target=\"_self\" rel=\"noopener noreferrer\">Giri\u015f Yapmak \u0130\u00e7in T\u0131klay\u0131n<\/a><\/h4>\n<h4>Login to access the page.<\/h4>\n<h4><a style=\"color: #444a88\" href=\"https:\/\/defactobusinessacademy.com\/portal\/wp-login.php?redirect_to=httpsdefactobusinessacademy.comportalwp-admin&amp;reauth=1\" target=\"_self\" rel=\"noopener noreferrer\">Click to Login<\/a><\/h4>\n<p>[\/vc_column_text][\/vc_column][\/vc_row]<\/p><\/div>\n","protected":false},"excerpt":{"rendered":"<div class=\"members-access-error\">[vc_row][vc_column][vc_column_text]<\/p>\n<h4>Sayfaya eri\u015fim sa\u011flamak i\u00e7in kullan\u0131c\u0131 giri\u015fi yap\u0131n\u0131z.<\/h4>\n<h4><a style=\"color: #444a88\" href=\"https:\/\/defactobusinessacademy.com\/portal\/wp-login.php?redirect_to=httpsdefactobusinessacademy.comportalwp-admin&amp;reauth=1\" target=\"_self\" rel=\"noopener noreferrer\">Giri\u015f Yapmak \u0130\u00e7in T\u0131klay\u0131n<\/a><\/h4>\n<h4>Login to access the page.<\/h4>\n<h4><a style=\"color: #444a88\" href=\"https:\/\/defactobusinessacademy.com\/portal\/wp-login.php?redirect_to=httpsdefactobusinessacademy.comportalwp-admin&amp;reauth=1\" target=\"_self\" rel=\"noopener noreferrer\">Click to Login<\/a><\/h4>\n<p>[\/vc_column_text][\/vc_column][\/vc_row]<\/p><\/div>\n","protected":false},"author":1,"featured_media":0,"parent":0,"menu_order":0,"comment_status":"closed","ping_status":"closed","template":"","meta":{"footnotes":""},"class_list":["post-1263","page","type-page","status-publish","hentry"],"_links":{"self":[{"href":"https:\/\/defactobusinessacademy.net\/portal\/en\/wp-json\/wp\/v2\/pages\/1263","targetHints":{"allow":["GET"]}}],"collection":[{"href":"https:\/\/defactobusinessacademy.net\/portal\/en\/wp-json\/wp\/v2\/pages"}],"about":[{"href":"https:\/\/defactobusinessacademy.net\/portal\/en\/wp-json\/wp\/v2\/types\/page"}],"author":[{"embeddable":true,"href":"https:\/\/defactobusinessacademy.net\/portal\/en\/wp-json\/wp\/v2\/users\/1"}],"replies":[{"embeddable":true,"href":"https:\/\/defactobusinessacademy.net\/portal\/en\/wp-json\/wp\/v2\/comments?post=1263"}],"version-history":[{"count":18,"href":"https:\/\/defactobusinessacademy.net\/portal\/en\/wp-json\/wp\/v2\/pages\/1263\/revisions"}],"predecessor-version":[{"id":4712,"href":"https:\/\/defactobusinessacademy.net\/portal\/en\/wp-json\/wp\/v2\/pages\/1263\/revisions\/4712"}],"wp:attachment":[{"href":"https:\/\/defactobusinessacademy.net\/portal\/en\/wp-json\/wp\/v2\/media?parent=1263"}],"curies":[{"name":"wp","href":"https:\/\/api.w.org\/{rel}","templated":true}]}}