{"id":3789,"date":"2019-11-22T12:31:08","date_gmt":"2019-11-22T09:31:08","guid":{"rendered":"https:\/\/defactobusinessacademy.com\/portal\/en\/?page_id=3789"},"modified":"2020-02-11T21:10:26","modified_gmt":"2020-02-11T18:10:26","slug":"e-learning","status":"publish","type":"page","link":"https:\/\/defactobusinessacademy.net\/portal\/en\/e-learning\/","title":{"rendered":"E-Learning"},"content":{"rendered":"<div class=\"wpb-content-wrapper\"><p>[vc_row][vc_column][vc_column_text]<\/p>\n<h2 style=\"text-align: center;\"><span style=\"color: #444a88;\">E-LEARNING<\/span><\/h2>\n<p>[\/vc_column_text][vc_separator color=&#8221;custom&#8221; border_width=&#8221;3&#8243; el_width=&#8221;10&#8243; accent_color=&#8221;#ffd5b2&#8243;][vc_empty_space][\/vc_column][\/vc_row][vc_row][vc_column width=&#8221;1\/2&#8243;][vc_empty_space height=&#8221;40px&#8221;][vc_single_image image=&#8221;3790&#8243; img_size=&#8221;full&#8221;][\/vc_column][vc_column width=&#8221;1\/2&#8243;][vc_column_text]<\/p>\n<h5>In a century where learning styles are changing, digital development platforms and resources are becoming more and more widespread, we added the \u201ce-learning\u201d option among our learning platforms. Thus we ensured continuous development by providing a time and place independent opportunity for our employees\u2019 needs.<\/h5>\n<p>[\/vc_column_text][vc_column_text]<\/p>\n<div class=\"wpb_text_column wpb_content_element \">\n<div class=\"wpb_wrapper\">\n<h5><span style=\"color: #2a3b5d;\"><strong>What is E-Learning?<\/strong><\/span><\/h5>\n<\/div>\n<\/div>\n<div class=\"wpb_text_column wpb_content_element \">\n<div class=\"wpb_wrapper\">\n<h5>E-learning is training and learning activities which are carried out through Internet technologies without the necessity of physical existence of a trainer and participants in the same environment at the same time. Training participants can assess the provided training contents anytime they want and communicate among themselves or the trainer and subject matter experts via e-mail, as well.<\/h5>\n<\/div>\n<\/div>\n<p>[\/vc_column_text][\/vc_column][vc_column][\/vc_column][\/vc_row][vc_row][vc_column][vc_tta_pageable no_fill_content_area=&#8221;1&#8243; autoplay=&#8221;3&#8243; active_section=&#8221;1&#8243; pagination_style=&#8221;&#8221; tab_position=&#8221;top&#8221; css_animation=&#8221;fadeIn&#8221;][vc_tta_section title=&#8221;What are Benefits of E-learning?&#8221; tab_id=&#8221;1574417467126-a3200a6d-74ae&#8221;][vc_column_text]<\/p>\n<h3 style=\"text-align: center;\"><span style=\"color: #2a3b5d;\">What are Benefits of E-learning?<\/span><\/h3>\n<p>[\/vc_column_text][vc_empty_space][vc_message color=&#8221;success&#8221; message_box_color=&#8221;success&#8221; icon_fontawesome=&#8221;fa fa-check&#8221; css_animation=&#8221;fadeIn&#8221;]<\/p>\n<h5>Participants decide on learning time,<\/h5>\n<p>[\/vc_message][vc_message color=&#8221;success&#8221; message_box_color=&#8221;success&#8221; icon_fontawesome=&#8221;fa fa-check&#8221; css_animation=&#8221;fadeIn&#8221;]<\/p>\n<h5>Trainings are accessible from anywhere with internet connection,<\/h5>\n<p>[\/vc_message][vc_message color=&#8221;success&#8221; message_box_color=&#8221;success&#8221; icon_fontawesome=&#8221;fa fa-check&#8221; css_animation=&#8221;fadeIn&#8221;]<\/p>\n<h5>Participants learn at their own learning rate when and as much as they want to,<\/h5>\n<p>[\/vc_message][vc_message color=&#8221;success&#8221; message_box_color=&#8221;success&#8221; icon_fontawesome=&#8221;fa fa-check&#8221; css_animation=&#8221;fadeIn&#8221;]<\/p>\n<h5 class=\"m_-6189968731539552321m_-6814680708669274550MsoListParagraphCxSpMiddle\"><span lang=\"EN-US\">Opportunity to access trainings and knowledge once and again,<\/span><\/h5>\n<p>[\/vc_message][vc_message color=&#8221;success&#8221; message_box_color=&#8221;success&#8221; icon_fontawesome=&#8221;fa fa-check&#8221; css_animation=&#8221;fadeIn&#8221;]<\/p>\n<h5 class=\"m_-6189968731539552321m_-6814680708669274550MsoListParagraphCxSpMiddle\"><span lang=\"EN-US\">Opportunity to reach trainers and subject matter experts all the time via e-mail,<\/span><\/h5>\n<p>[\/vc_message][vc_message message_box_color=&#8221;success&#8221; icon_fontawesome=&#8221;fa fa-check&#8221; css_animation=&#8221;fadeIn&#8221;]<\/p>\n<h5 class=\"m_-6189968731539552321m_-6814680708669274550MsoListParagraphCxSpLast\"><span lang=\"EN-US\">Saving on training costs.<\/span><\/h5>\n<p>[\/vc_message][\/vc_tta_section][\/vc_tta_pageable][\/vc_column][\/vc_row][vc_row][vc_column][vc_tta_tour style=&#8221;modern&#8221; color=&#8221;orange&#8221; spacing=&#8221;5&#8243; active_section=&#8221;1&#8243; no_fill_content_area=&#8221;true&#8221; title=&#8221;DeFacto Academy E- \u00d6\u011frenme Kaynaklar\u0131&#8221;][vc_tta_section title=&#8221;Harvard ManageMentor&#8221; tab_id=&#8221;1574414425150-403642f0-14e8&#8243;][vc_column_text]<\/p>\n<h5>A platform containing trainings, videos, case studies, articles, tests and practicing tools about 40 topics prepared by Harvard professors.<\/h5>\n<h5><strong>Harvard ManageMentor;<\/strong><\/h5>\n<h5>is a resource which meets multiple learning needs drives learners to apply new skills on the job immediately and reinforces business results presents leadership development with a consistent approach consists of trusted and proven business concepts, latest thinking and best practices which are integrated with business life.<\/h5>\n<p>[\/vc_column_text][\/vc_tta_section][vc_tta_section title=&#8221;Skillsoft Leadership Development Channel (LDC)&#8221; tab_id=&#8221;1574414425164-e435ede0-7fc3&#8243;][vc_column_text]<\/p>\n<h5>Training collection consisting of videos of world-renowned successful leaders, designed for the purpose of improving leadership competencies and management skills.<\/h5>\n<p>[\/vc_column_text][\/vc_tta_section][vc_tta_section title=&#8221;Competency Development Collections&#8221; tab_id=&#8221;1574414648318-29d780ef-ecea&#8221;][vc_column_text]<\/p>\n<h5>Development collection consisting of trainings, videos and reading materials designed by various training &amp; development firms in order to increase knowledge and skills in line with DeFacto competency sets.<\/h5>\n<p>[\/vc_column_text][\/vc_tta_section][vc_tta_section title=&#8221;Competency Development Sources (Open Sources)&#8221; tab_id=&#8221;1574414701575-66a26f7f-c5a0&#8243;][vc_column_text]<\/p>\n<h5>Contents with different tools like trainings, videos, tests, etc. on worldwide used open sources like TEDx, Coursera, Udemy that DeFatonians can benefit from for their general and functional competency developments.<\/h5>\n<p>[\/vc_column_text][\/vc_tta_section][vc_tta_section title=&#8221; Professional Development Collections&#8221; tab_id=&#8221;1574416727841-62570d15-1ea2&#8243;][vc_column_text]<\/p>\n<h5 id=\"tw-target-text\" class=\"tw-data-text tw-text-large tw-ta\" dir=\"ltr\" data-placeholder=\"\u00c7eviri\"><span lang=\"en\">Defacto professional development tools consist of development sets covering both individual professional development and inter-unit professional development sets, considering different units and different levels in these units.<\/span><\/h5>\n<p>[\/vc_column_text][\/vc_tta_section][vc_tta_section title=&#8221;Professional Development Tools&#8221; tab_id=&#8221;1574416765116-d00d6f9f-21d1&#8243;][vc_column_text]<\/p>\n<h5 id=\"tw-target-text\" class=\"tw-data-text tw-text-large tw-ta\" dir=\"ltr\" data-placeholder=\"\u00c7eviri\"><span lang=\"en\">Training and development tools are resources that support development, including on-the-job, e-training, reading materials, virtual classroom training, and many methods, mostly by methods created directly by those doing the job.<\/span><\/h5>\n<p>[\/vc_column_text][\/vc_tta_section][\/vc_tta_tour][\/vc_column][\/vc_row]<\/p>\n<\/div>","protected":false},"excerpt":{"rendered":"<p>[vc_row][vc_column][vc_column_text] E-LEARNING [\/vc_column_text][vc_separator color=&#8221;custom&#8221; border_width=&#8221;3&#8243; el_width=&#8221;10&#8243; accent_color=&#8221;#ffd5b2&#8243;][vc_empty_space][\/vc_column][\/vc_row][vc_row][vc_column width=&#8221;1\/2&#8243;][vc_empty_space height=&#8221;40px&#8221;][vc_single_image image=&#8221;3790&#8243; img_size=&#8221;full&#8221;][\/vc_column][vc_column width=&#8221;1\/2&#8243;][vc_column_text] In a century where learning styles are changing, digital development platforms and resources are becoming more and more widespread, we added the \u201ce-learning\u201d option among our learning platforms. Thus we ensured continuous development by providing a time and place independent opportunity for our employees\u2019 [&hellip;]<\/p>\n","protected":false},"author":1,"featured_media":0,"parent":0,"menu_order":0,"comment_status":"closed","ping_status":"closed","template":"","meta":{"footnotes":""},"class_list":["post-3789","page","type-page","status-publish","hentry"],"_links":{"self":[{"href":"https:\/\/defactobusinessacademy.net\/portal\/en\/wp-json\/wp\/v2\/pages\/3789","targetHints":{"allow":["GET"]}}],"collection":[{"href":"https:\/\/defactobusinessacademy.net\/portal\/en\/wp-json\/wp\/v2\/pages"}],"about":[{"href":"https:\/\/defactobusinessacademy.net\/portal\/en\/wp-json\/wp\/v2\/types\/page"}],"author":[{"embeddable":true,"href":"https:\/\/defactobusinessacademy.net\/portal\/en\/wp-json\/wp\/v2\/users\/1"}],"replies":[{"embeddable":true,"href":"https:\/\/defactobusinessacademy.net\/portal\/en\/wp-json\/wp\/v2\/comments?post=3789"}],"version-history":[{"count":19,"href":"https:\/\/defactobusinessacademy.net\/portal\/en\/wp-json\/wp\/v2\/pages\/3789\/revisions"}],"predecessor-version":[{"id":4483,"href":"https:\/\/defactobusinessacademy.net\/portal\/en\/wp-json\/wp\/v2\/pages\/3789\/revisions\/4483"}],"wp:attachment":[{"href":"https:\/\/defactobusinessacademy.net\/portal\/en\/wp-json\/wp\/v2\/media?parent=3789"}],"curies":[{"name":"wp","href":"https:\/\/api.w.org\/{rel}","templated":true}]}}