{"id":4630,"date":"2020-03-25T18:31:29","date_gmt":"2020-03-25T15:31:29","guid":{"rendered":"https:\/\/defactobusinessacademy.com\/portal\/en\/?page_id=4630"},"modified":"2021-08-27T16:35:05","modified_gmt":"2021-08-27T13:35:05","slug":"internal-trainers","status":"publish","type":"page","link":"https:\/\/defactobusinessacademy.net\/portal\/en\/internal-trainers\/","title":{"rendered":"Internal Trainers"},"content":{"rendered":"<div class=\"members-access-error\">\n<h4>Sayfaya eri\u015fim sa\u011flamak i\u00e7in kullan\u0131c\u0131 giri\u015fi yap\u0131n\u0131z.<\/h4>\n<h4><a style=\"color: #444a88\" href=\"https:\/\/defactobusinessacademy.com\/portal\/wp-login.php?redirect_to=httpsdefactobusinessacademy.comportalwp-admin&amp;reauth=1\" target=\"_self\" rel=\"noopener noreferrer\">Giri\u015f Yapmak \u0130\u00e7in T\u0131klay\u0131n<\/a><\/h4>\n<h4>Login to access the page.<\/h4>\n<h4><a style=\"color: #444a88\" href=\"https:\/\/defactobusinessacademy.com\/portal\/wp-login.php?redirect_to=httpsdefactobusinessacademy.comportalwp-admin&amp;reauth=1\" target=\"_self\" rel=\"noopener noreferrer\">Click to Login<\/a><\/h4>\n<\/div>\n","protected":false},"excerpt":{"rendered":"<div class=\"members-access-error\">\n<h4>Sayfaya eri\u015fim sa\u011flamak i\u00e7in kullan\u0131c\u0131 giri\u015fi yap\u0131n\u0131z.<\/h4>\n<h4><a style=\"color: #444a88\" href=\"https:\/\/defactobusinessacademy.com\/portal\/wp-login.php?redirect_to=httpsdefactobusinessacademy.comportalwp-admin&amp;reauth=1\" target=\"_self\" rel=\"noopener noreferrer\">Giri\u015f Yapmak \u0130\u00e7in T\u0131klay\u0131n<\/a><\/h4>\n<h4>Login to access the page.<\/h4>\n<h4><a style=\"color: #444a88\" href=\"https:\/\/defactobusinessacademy.com\/portal\/wp-login.php?redirect_to=httpsdefactobusinessacademy.comportalwp-admin&amp;reauth=1\" target=\"_self\" rel=\"noopener noreferrer\">Click to Login<\/a><\/h4>\n<\/div>\n","protected":false},"author":1,"featured_media":0,"parent":0,"menu_order":0,"comment_status":"closed","ping_status":"closed","template":"","meta":{"footnotes":""},"class_list":["post-4630","page","type-page","status-publish","hentry"],"_links":{"self":[{"href":"https:\/\/defactobusinessacademy.net\/portal\/en\/wp-json\/wp\/v2\/pages\/4630","targetHints":{"allow":["GET"]}}],"collection":[{"href":"https:\/\/defactobusinessacademy.net\/portal\/en\/wp-json\/wp\/v2\/pages"}],"about":[{"href":"https:\/\/defactobusinessacademy.net\/portal\/en\/wp-json\/wp\/v2\/types\/page"}],"author":[{"embeddable":true,"href":"https:\/\/defactobusinessacademy.net\/portal\/en\/wp-json\/wp\/v2\/users\/1"}],"replies":[{"embeddable":true,"href":"https:\/\/defactobusinessacademy.net\/portal\/en\/wp-json\/wp\/v2\/comments?post=4630"}],"version-history":[{"count":10,"href":"https:\/\/defactobusinessacademy.net\/portal\/en\/wp-json\/wp\/v2\/pages\/4630\/revisions"}],"predecessor-version":[{"id":4713,"href":"https:\/\/defactobusinessacademy.net\/portal\/en\/wp-json\/wp\/v2\/pages\/4630\/revisions\/4713"}],"wp:attachment":[{"href":"https:\/\/defactobusinessacademy.net\/portal\/en\/wp-json\/wp\/v2\/media?parent=4630"}],"curies":[{"name":"wp","href":"https:\/\/api.w.org\/{rel}","templated":true}]}}