{"id":3688,"date":"2019-11-20T14:41:21","date_gmt":"2019-11-20T11:41:21","guid":{"rendered":"https:\/\/defactobusinessacademy.com\/portal\/?page_id=3688"},"modified":"2019-11-20T14:41:21","modified_gmt":"2019-11-20T11:41:21","slug":"urun-yonetimi-ve-inovasyon-okulu","status":"publish","type":"page","link":"https:\/\/defactobusinessacademy.net\/portal\/urun-yonetimi-ve-inovasyon-okulu\/","title":{"rendered":"\u00dcr\u00fcn Y\u00f6netimi ve \u0130novasyon Okulu"},"content":{"rendered":"<div class=\"wpb-content-wrapper\"><p>[vc_row][vc_column width=&#8221;1\/2&#8243;][vc_single_image image=&#8221;3639&#8243; img_size=&#8221;full&#8221;][\/vc_column][vc_column width=&#8221;1\/2&#8243;][vc_column_text]<\/p>\n<h5>DeFacto\u2019nun g\u00fc\u00e7l\u00fc kaslar\u0131ndan biri, fark yaratan \u00e7al\u0131\u015fmalar\u0131yla m\u00fc\u015fterilerimize WOW dedirten \u00fcr\u00fcn y\u00f6netimidir.<\/h5>\n<h5>\u00dcr\u00fcn Y\u00f6netimi Okulu\u2019nda, DeFacto \u00dcr\u00fcn Y\u00f6netimi Fonksiyonu\u2019nda yer alan 8 ana departman\u0131n mesleki ve fonksiyonel bilgi ve becerilerinin geli\u015ftirilmesi amac\u0131yla haz\u0131rlanan;<\/h5>\n<p>[\/vc_column_text][\/vc_column][\/vc_row][vc_row][vc_column][vc_column_text]<\/p>\n<h5>\u00dcr\u00fcn Y\u00f6netimi Okulu\u2019nda, DeFacto \u00dcr\u00fcn Y\u00f6netimi Fonksiyonu\u2019nda yer alan 8 ana departman\u0131n mesleki ve fonksiyonel bilgi ve becerilerinin geli\u015ftirilmesi amac\u0131yla haz\u0131rlanan;<\/h5>\n<ul>\n<li><b>1 adet Temel Geli\u015fim Program\u0131<\/b><\/li>\n<li><b>8 adet Uzmanl\u0131k Geli\u015fim Program\u0131<\/b><\/li>\n<li><b>1\u00a0adet \u0130leri Uzmanl\u0131k Geli\u015fim Program\u0131<\/b><\/li>\n<\/ul>\n<h5>yer al\u0131r. Temel Geli\u015fim Program\u0131,\u00a04 mod\u00fcler e\u011fitimin yer ald\u0131\u011f\u0131 bir mesleki fark\u0131ndal\u0131k program\u0131d\u0131r. Uzmanl\u0131k ve \u0130leri Uzmanl\u0131k Programlar\u0131 ise kat\u0131l\u0131mc\u0131lar\u0131n g\u00f6rev tan\u0131m\u0131 ve sorumluluk alanlar\u0131na g\u00f6re s\u00fcreleri ve i\u00e7erikleri de\u011fi\u015fen e\u011fitimleri\u00a0i\u00e7erir.<\/h5>\n<h5><strong>Bu programlarla amac\u0131m\u0131z;<\/strong>\u00a0DeFacto \u00fcr\u00fcn y\u00f6netimi ekibinin u\u00e7tan uca \u00fcr\u00fcn y\u00f6netimi \u00e7emberini anlay\u0131p departmanlar aras\u0131ndaki ili\u015fki y\u00f6netimini \u00f6z\u00fcmsemesi; bulunduklar\u0131 departman\u0131n s\u00fcre\u00e7lerine hakim olarak b\u00fcy\u00fck resmi g\u00f6rmeleri; fonksiyonel\u00a0bilgi ve becerilerinin geli\u015ftirilmesi; s\u00fcrekli geli\u015fen ve kendi kendini besleyen bir tak\u0131m k\u00fclt\u00fcr\u00fc olu\u015fturmas\u0131na ve ya\u015fatmas\u0131na destek vermektir.<\/h5>\n<h5><strong>\u00a0\u00dcr\u00fcn Y\u00f6netimi\u00a0 Temel Geli\u015fim\u00a0Program\u0131n\u0131n mod\u00fclleri\u00a0a\u015fa\u011f\u0131daki \u015fekildedir:<\/strong><\/h5>\n<h5>1.Mod\u00fcl<\/h5>\n<ul>\n<li><b>Buying Takvimi Y\u00f6netimi ve Trend Tahminleri<\/b><\/li>\n<li><b>Trend Tahminleri ve Tahminlerin Perakendeye yans\u0131mas\u0131<\/b><\/li>\n<li><b>Range Olu\u015fturma<\/b><\/li>\n<li><b>Perakende Pazarlamas\u0131 ve Fiyatland\u0131rma Stratejisi<\/b><\/li>\n<li><b>Tedarik Y\u00f6netimi<\/b><\/li>\n<li><b>Range De\u011ferlendirme<\/b><\/li>\n<\/ul>\n<h5>2.Mod\u00fcl<\/h5>\n<ul>\n<li><b>Allocation<\/b><\/li>\n<li><b>Tedarik Zinciri Y\u00f6netimi<\/b><\/li>\n<li><b>Trading\u2019e Giri\u015f ve Raporlar<\/b><\/li>\n<li><b>Sat\u0131\u015f Performans\u0131 ve Stok Y\u00f6netimi<\/b><\/li>\n<li><b>Yurtd\u0131\u015f\u0131 Ma\u011fazac\u0131l\u0131k &amp; Franchise<\/b><\/li>\n<li><b>E-Ticaret<\/b><\/li>\n<li><b>Toptan Sat\u0131\u015f<\/b><\/li>\n<\/ul>\n<h5>3.Mod\u00fcl<\/h5>\n<ul>\n<li><b>Strateji<\/b><\/li>\n<li><b>\u00dcr\u00fcn Y\u00f6netiminde Tak\u0131mlar<\/b><\/li>\n<\/ul>\n<h5>4.Mod\u00fcl<\/h5>\n<ul>\n<li><b>\u0130novasyon<\/b><\/li>\n<\/ul>\n<h5><\/h5>\n<h5><\/h5>\n<h5><strong>\u00a0\u00dcr\u00fcn Y\u00f6netimi\u00a0 Uzmanl\u0131k ve \u0130leri Uzmanl\u0131k\u00a0Programlar\u0131 ise a\u015fa\u011f\u0131daki \u015fekildedir:<\/strong><\/h5>\n<ul>\n<li><b>Buying Geli\u015fim Program\u0131<\/b><\/li>\n<li><b>Tasar\u0131m Geli\u015fim Program\u0131<\/b><\/li>\n<li><b>Merchandising &amp; Sourcing Geli\u015fim Program\u0131<\/b><\/li>\n<li><b>Kuma\u015f Kalite &amp; Laboratuvar Geli\u015fim Program\u0131<\/b><\/li>\n<li><b>Garment Geli\u015fim Program\u0131<\/b><\/li>\n<li><b>Inspection Geli\u015fim Program\u0131<\/b><\/li>\n<li><b>Planlama Geli\u015fim Program\u0131<\/b><\/li>\n<li><b>Allocation Geli\u015fim Program\u0131<\/b><\/li>\n<\/ul>\n<p>[\/vc_column_text][\/vc_column][\/vc_row]<\/p>\n<\/div>","protected":false},"excerpt":{"rendered":"<p>[vc_row][vc_column width=&#8221;1\/2&#8243;][vc_single_image image=&#8221;3639&#8243; img_size=&#8221;full&#8221;][\/vc_column][vc_column width=&#8221;1\/2&#8243;][vc_column_text] DeFacto\u2019nun g\u00fc\u00e7l\u00fc kaslar\u0131ndan biri, fark yaratan \u00e7al\u0131\u015fmalar\u0131yla m\u00fc\u015fterilerimize WOW dedirten \u00fcr\u00fcn y\u00f6netimidir. \u00dcr\u00fcn Y\u00f6netimi Okulu\u2019nda, DeFacto \u00dcr\u00fcn Y\u00f6netimi Fonksiyonu\u2019nda yer alan 8 ana departman\u0131n mesleki ve fonksiyonel bilgi ve becerilerinin geli\u015ftirilmesi amac\u0131yla haz\u0131rlanan; [\/vc_column_text][\/vc_column][\/vc_row][vc_row][vc_column][vc_column_text] \u00dcr\u00fcn Y\u00f6netimi Okulu\u2019nda, DeFacto \u00dcr\u00fcn Y\u00f6netimi Fonksiyonu\u2019nda yer alan 8 ana departman\u0131n mesleki ve fonksiyonel bilgi ve [&hellip;]<\/p>\n","protected":false},"author":1,"featured_media":0,"parent":0,"menu_order":0,"comment_status":"closed","ping_status":"closed","template":"","meta":{"_monsterinsights_skip_tracking":false,"_monsterinsights_sitenote_active":false,"_monsterinsights_sitenote_note":"","_monsterinsights_sitenote_category":0,"footnotes":""},"class_list":["post-3688","page","type-page","status-publish","hentry"],"aioseo_notices":[],"_links":{"self":[{"href":"https:\/\/defactobusinessacademy.net\/portal\/wp-json\/wp\/v2\/pages\/3688","targetHints":{"allow":["GET"]}}],"collection":[{"href":"https:\/\/defactobusinessacademy.net\/portal\/wp-json\/wp\/v2\/pages"}],"about":[{"href":"https:\/\/defactobusinessacademy.net\/portal\/wp-json\/wp\/v2\/types\/page"}],"author":[{"embeddable":true,"href":"https:\/\/defactobusinessacademy.net\/portal\/wp-json\/wp\/v2\/users\/1"}],"replies":[{"embeddable":true,"href":"https:\/\/defactobusinessacademy.net\/portal\/wp-json\/wp\/v2\/comments?post=3688"}],"version-history":[{"count":2,"href":"https:\/\/defactobusinessacademy.net\/portal\/wp-json\/wp\/v2\/pages\/3688\/revisions"}],"predecessor-version":[{"id":3690,"href":"https:\/\/defactobusinessacademy.net\/portal\/wp-json\/wp\/v2\/pages\/3688\/revisions\/3690"}],"wp:attachment":[{"href":"https:\/\/defactobusinessacademy.net\/portal\/wp-json\/wp\/v2\/media?parent=3688"}],"curies":[{"name":"wp","href":"https:\/\/api.w.org\/{rel}","templated":true}]}}